{"id":14,"date":"2023-06-12T22:41:30","date_gmt":"2023-06-12T22:41:30","guid":{"rendered":"http:\/\/omafa.com.mx\/?page_id=14"},"modified":"2023-08-01T16:02:30","modified_gmt":"2023-08-01T16:02:30","slug":"productos","status":"publish","type":"page","link":"http:\/\/omafa.com.mx\/en\/productos\/","title":{"rendered":"PRODUCTS"},"content":{"rendered":"<section class=\"wpb-content-wrapper\"><div class=\"vc_row wpb_row vc_row-fluid\"><div class=\"wpb_column vc_column_container vc_col-sm-2\"><div class=\"vc_column-inner\"><div class=\"wpb_wrapper\"><\/div><\/div><\/div><div class=\"wpb_column vc_column_container vc_col-sm-8\"><div class=\"vc_column-inner\"><div class=\"wpb_wrapper\"><div class=\"vc_empty_space\"   style=\"height: 32px\"><span class=\"vc_empty_space_inner\"><\/span><\/div>\n\t<div class=\"wpb_text_column wpb_content_element\" >\n\t\t<div class=\"wpb_wrapper\">\n\t\t\t<p style=\"text-align: center;\"><span style=\"color: #000000;\">Each of our products is developed with our clients' needs in mind, aiming to cover market trends with a high standard of quality and tested by our experts.<\/span><\/p>\n\n\t\t<\/div>\n\t<\/div>\n<div class=\"vc_empty_space\"   style=\"height: 32px\"><span class=\"vc_empty_space_inner\"><\/span><\/div><\/div><\/div><\/div><div class=\"wpb_column vc_column_container vc_col-sm-2\"><div class=\"vc_column-inner\"><div class=\"wpb_wrapper\"><\/div><\/div><\/div><\/div><div class=\"vc_row wpb_row vc_row-fluid\"><div class=\"wpb_column vc_column_container vc_col-sm-12\"><div class=\"vc_column-inner\"><div class=\"wpb_wrapper\">\n<div class=\"vc_grid-container-wrapper vc_clearfix vc_grid-animation-fadeIn\">\n\t<div class=\"vc_grid-container vc_clearfix wpb_content_element vc_basic_grid\" data-initial-loading-animation=\"fadeIn\" data-vc-grid-settings=\"{&quot;page_id&quot;:14,&quot;style&quot;:&quot;load-more&quot;,&quot;action&quot;:&quot;vc_get_vc_grid_data&quot;,&quot;shortcode_id&quot;:&quot;1690905520887-12651615-d4d2-7&quot;,&quot;items_per_page&quot;:&quot;12&quot;,&quot;btn_data&quot;:{&quot;title&quot;:&quot;Load more&quot;,&quot;style&quot;:&quot;flat&quot;,&quot;gradient_color_1&quot;:&quot;&quot;,&quot;gradient_color_2&quot;:&quot;&quot;,&quot;gradient_custom_color_1&quot;:&quot;&quot;,&quot;gradient_custom_color_2&quot;:&quot;&quot;,&quot;gradient_text_color&quot;:&quot;&quot;,&quot;custom_background&quot;:&quot;#ededed&quot;,&quot;custom_text&quot;:&quot;#666&quot;,&quot;outline_custom_color&quot;:&quot;#666&quot;,&quot;outline_custom_hover_background&quot;:&quot;#666&quot;,&quot;outline_custom_hover_text&quot;:&quot;#fff&quot;,&quot;shape&quot;:&quot;rounded&quot;,&quot;color&quot;:&quot;blue&quot;,&quot;size&quot;:&quot;md&quot;,&quot;align&quot;:&quot;inline&quot;,&quot;button_block&quot;:&quot;&quot;,&quot;add_icon&quot;:&quot;&quot;,&quot;i_align&quot;:&quot;left&quot;,&quot;i_type&quot;:&quot;fontawesome&quot;,&quot;i_icon_fontawesome&quot;:&quot;fas fa-adjust&quot;,&quot;i_icon_openiconic&quot;:&quot;vc-oi vc-oi-dial&quot;,&quot;i_icon_typicons&quot;:&quot;typcn typcn-adjust-brightness&quot;,&quot;i_icon_entypo&quot;:&quot;entypo-icon entypo-icon-note&quot;,&quot;i_icon_linecons&quot;:&quot;vc_li vc_li-heart&quot;,&quot;i_icon_monosocial&quot;:&quot;&quot;,&quot;i_icon_material&quot;:&quot;&quot;,&quot;i_icon_pixelicons&quot;:&quot;vc_pixel_icon vc_pixel_icon-alert&quot;,&quot;el_id&quot;:&quot;&quot;,&quot;custom_onclick&quot;:&quot;&quot;,&quot;custom_onclick_code&quot;:&quot;&quot;},&quot;tag&quot;:&quot;vc_basic_grid&quot;}\" data-vc-request=\"https:\/\/omafa.com.mx\/wp-admin\/admin-ajax.php\" data-vc-post-id=\"14\" data-vc-public-nonce=\"2e25ed5d5c\">\n\t\t<style data-type=\"vc_shortcodes-custom-css\">.vc_custom_1419240595465{background-color: #f9f9f9 !important;}.vc_custom_1419240793832{background-color: rgba(0,0,0,0.3) !important;*background-color: rgb(0,0,0) !important;}<\/style><ul class=\"vc_grid-filter vc_clearfix vc_grid-filter-default-less-rounded vc_grid-filter-size-md vc_grid-filter-center vc_grid-filter-color-grey\" data-vc-grid-filter=\"category\"><li class=\"vc_active vc_grid-filter-item\"><span data-vc-grid-filter-value=\"*\">All<\/span><\/li><li class=\"vc_grid-filter-item\"><span data-vc-grid-filter-value=\".vc_grid-term-3\">PRODUCTS<\/span><\/li><\/ul><div class=\"vc_grid-filter-select vc_grid-filter-center vc_grid-filter-color-grey\" data-vc-grid-filter-select=\"category\"><div class=\"vc_grid-styled-select\"><select data-filter=\"category\"><option class=\"vc_active\" value=\"*\">All&nbsp;&nbsp;&nbsp;&nbsp;&nbsp;&nbsp;&nbsp;&nbsp;&nbsp;&nbsp;<\/option><option value=\".vc_grid-term-3\">PRODUCTS&nbsp;&nbsp;&nbsp;&nbsp;&nbsp;&nbsp;&nbsp;&nbsp;&nbsp;&nbsp;<\/option><\/select><i class=\"vc_arrow-icon-navicon\"><\/i>\n\t\t<\/div>\n\t<\/div><div class=\"vc_grid vc_row vc_grid-gutter-30px vc_pageable-wrapper vc_hook_hover\" data-vc-pageable-content=\"true\"><div class=\"vc_pageable-slide-wrapper vc_clearfix\" data-vc-grid-content=\"true\"><div class=\"vc_grid-item vc_clearfix vc_col-sm-4 vc_grid-item-zone-c-bottom vc_grid-term-3\"><div class=\"vc_grid-item-mini vc_clearfix\"><div class=\"vc_gitem-animated-block  vc_gitem-animate vc_gitem-animate-scaleRotateIn\"  data-vc-animation=\"scaleRotateIn\"><div class=\"vc_gitem-zone vc_gitem-zone-a vc-gitem-zone-height-mode-auto vc-gitem-zone-height-mode-auto-1-1 vc_gitem-is-link\" style=\"background-image: url('https:\/\/omafa.com.mx\/wp-content\/uploads\/2023\/06\/5.jpg') !important;\"><a href=\"http:\/\/omafa.com.mx\/en\/2023\/06\/20\/wt-1340\/\" title=\"WT -1340\" class=\"vc_gitem-link vc-zone-link\" ><\/a><img decoding=\"async\" src=\"https:\/\/omafa.com.mx\/wp-content\/uploads\/2023\/06\/5.jpg\" class=\"vc_gitem-zone-img\" alt=\"WT -1340\"><div class=\"vc_gitem-zone-mini\"><\/div><\/div><div class=\"vc_gitem-zone vc_gitem-zone-b vc_custom_1419240793832 vc-gitem-zone-height-mode-auto vc_gitem-is-link\"><a href=\"http:\/\/omafa.com.mx\/en\/2023\/06\/20\/wt-1340\/\" title=\"WT -1340\" class=\"vc_gitem-link vc-zone-link\" ><\/a><div class=\"vc_gitem-zone-mini\"><\/div><\/div><\/div><div class=\"vc_gitem-zone vc_gitem-zone-c vc_custom_1419240595465\"><div class=\"vc_gitem-zone-mini\"><div class=\"vc_gitem_row vc_row vc_gitem-row-position-top\"><div class=\"vc_col-sm-12 vc_gitem-col vc_gitem-col-align-\"><div class=\"vc_custom_heading vc_gitem-post-data vc_gitem-post-data-source-post_title\" ><h3 style=\"text-align: center;font-family:Montserrat;font-weight:400;font-style:normal\" >WT -1340<\/h3><\/div><div class=\"vc_btn3-container  botonproducto vc_btn3-center\"><a class=\"vc_general vc_btn3 vc_btn3-size-md vc_btn3-shape-square vc_btn3-style-flat vc_btn3-color-blue\" a href=\"http:\/\/omafa.com.mx\/en\/2023\/06\/20\/wt-1340\/\" title=\"See more\">See more<\/a><\/div><\/div><\/div><\/div><\/div><\/div><div class=\"vc_clearfix\"><\/div><\/div><div class=\"vc_grid-item vc_clearfix vc_col-sm-4 vc_grid-item-zone-c-bottom vc_grid-term-3\"><div class=\"vc_grid-item-mini vc_clearfix\"><div class=\"vc_gitem-animated-block  vc_gitem-animate vc_gitem-animate-scaleRotateIn\"  data-vc-animation=\"scaleRotateIn\"><div class=\"vc_gitem-zone vc_gitem-zone-a vc-gitem-zone-height-mode-auto vc-gitem-zone-height-mode-auto-1-1 vc_gitem-is-link\" style=\"background-image: url('https:\/\/omafa.com.mx\/wp-content\/uploads\/2023\/06\/3-1.jpg') !important;\"><a href=\"http:\/\/omafa.com.mx\/en\/2023\/06\/20\/wr-5531\/\" title=\"WR-5531\" class=\"vc_gitem-link vc-zone-link\" ><\/a><img decoding=\"async\" src=\"https:\/\/omafa.com.mx\/wp-content\/uploads\/2023\/06\/3-1.jpg\" class=\"vc_gitem-zone-img\" alt=\"WR-5531\"><div class=\"vc_gitem-zone-mini\"><\/div><\/div><div class=\"vc_gitem-zone vc_gitem-zone-b vc_custom_1419240793832 vc-gitem-zone-height-mode-auto vc_gitem-is-link\"><a href=\"http:\/\/omafa.com.mx\/en\/2023\/06\/20\/wr-5531\/\" title=\"WR-5531\" class=\"vc_gitem-link vc-zone-link\" ><\/a><div class=\"vc_gitem-zone-mini\"><\/div><\/div><\/div><div class=\"vc_gitem-zone vc_gitem-zone-c vc_custom_1419240595465\"><div class=\"vc_gitem-zone-mini\"><div class=\"vc_gitem_row vc_row vc_gitem-row-position-top\"><div class=\"vc_col-sm-12 vc_gitem-col vc_gitem-col-align-\"><div class=\"vc_custom_heading vc_gitem-post-data vc_gitem-post-data-source-post_title\" ><h3 style=\"text-align: center;font-family:Montserrat;font-weight:400;font-style:normal\" >WR-5531<\/h3><\/div><div class=\"vc_btn3-container  botonproducto vc_btn3-center\"><a class=\"vc_general vc_btn3 vc_btn3-size-md vc_btn3-shape-square vc_btn3-style-flat vc_btn3-color-blue\" a href=\"http:\/\/omafa.com.mx\/en\/2023\/06\/20\/wr-5531\/\" title=\"See more\">See more<\/a><\/div><\/div><\/div><\/div><\/div><\/div><div class=\"vc_clearfix\"><\/div><\/div><div class=\"vc_grid-item vc_clearfix vc_col-sm-4 vc_grid-item-zone-c-bottom vc_grid-term-3\"><div class=\"vc_grid-item-mini vc_clearfix\"><div class=\"vc_gitem-animated-block  vc_gitem-animate vc_gitem-animate-scaleRotateIn\"  data-vc-animation=\"scaleRotateIn\"><div class=\"vc_gitem-zone vc_gitem-zone-a vc-gitem-zone-height-mode-auto vc-gitem-zone-height-mode-auto-1-1 vc_gitem-is-link\" style=\"background-image: url('https:\/\/omafa.com.mx\/wp-content\/uploads\/2023\/06\/SL-900.jpg') !important;\"><a href=\"http:\/\/omafa.com.mx\/en\/2023\/06\/20\/sl-900\/\" title=\"SL 900\" class=\"vc_gitem-link vc-zone-link\" ><\/a><img decoding=\"async\" src=\"https:\/\/omafa.com.mx\/wp-content\/uploads\/2023\/06\/SL-900.jpg\" class=\"vc_gitem-zone-img\" alt=\"SL 900\"><div class=\"vc_gitem-zone-mini\"><\/div><\/div><div class=\"vc_gitem-zone vc_gitem-zone-b vc_custom_1419240793832 vc-gitem-zone-height-mode-auto vc_gitem-is-link\"><a href=\"http:\/\/omafa.com.mx\/en\/2023\/06\/20\/sl-900\/\" title=\"SL 900\" class=\"vc_gitem-link vc-zone-link\" ><\/a><div class=\"vc_gitem-zone-mini\"><\/div><\/div><\/div><div class=\"vc_gitem-zone vc_gitem-zone-c vc_custom_1419240595465\"><div class=\"vc_gitem-zone-mini\"><div class=\"vc_gitem_row vc_row vc_gitem-row-position-top\"><div class=\"vc_col-sm-12 vc_gitem-col vc_gitem-col-align-\"><div class=\"vc_custom_heading vc_gitem-post-data vc_gitem-post-data-source-post_title\" ><h3 style=\"text-align: center;font-family:Montserrat;font-weight:400;font-style:normal\" >SL 900<\/h3><\/div><div class=\"vc_btn3-container  botonproducto vc_btn3-center\"><a class=\"vc_general vc_btn3 vc_btn3-size-md vc_btn3-shape-square vc_btn3-style-flat vc_btn3-color-blue\" a href=\"http:\/\/omafa.com.mx\/en\/2023\/06\/20\/sl-900\/\" title=\"See more\">See more<\/a><\/div><\/div><\/div><\/div><\/div><\/div><div class=\"vc_clearfix\"><\/div><\/div><div class=\"vc_grid-item vc_clearfix vc_col-sm-4 vc_grid-item-zone-c-bottom vc_grid-term-3\"><div class=\"vc_grid-item-mini vc_clearfix\"><div class=\"vc_gitem-animated-block  vc_gitem-animate vc_gitem-animate-scaleRotateIn\"  data-vc-animation=\"scaleRotateIn\"><div class=\"vc_gitem-zone vc_gitem-zone-a vc-gitem-zone-height-mode-auto vc-gitem-zone-height-mode-auto-1-1 vc_gitem-is-link\" style=\"background-image: url('https:\/\/omafa.com.mx\/wp-content\/uploads\/2023\/06\/6.jpg') !important;\"><a href=\"http:\/\/omafa.com.mx\/en\/2023\/06\/20\/sc-43015\/\" title=\"SC-43015\" class=\"vc_gitem-link vc-zone-link\" ><\/a><img decoding=\"async\" src=\"https:\/\/omafa.com.mx\/wp-content\/uploads\/2023\/06\/6.jpg\" class=\"vc_gitem-zone-img\" alt=\"SC-43015\"><div class=\"vc_gitem-zone-mini\"><\/div><\/div><div class=\"vc_gitem-zone vc_gitem-zone-b vc_custom_1419240793832 vc-gitem-zone-height-mode-auto vc_gitem-is-link\"><a href=\"http:\/\/omafa.com.mx\/en\/2023\/06\/20\/sc-43015\/\" title=\"SC-43015\" class=\"vc_gitem-link vc-zone-link\" ><\/a><div class=\"vc_gitem-zone-mini\"><\/div><\/div><\/div><div class=\"vc_gitem-zone vc_gitem-zone-c vc_custom_1419240595465\"><div class=\"vc_gitem-zone-mini\"><div class=\"vc_gitem_row vc_row vc_gitem-row-position-top\"><div class=\"vc_col-sm-12 vc_gitem-col vc_gitem-col-align-\"><div class=\"vc_custom_heading vc_gitem-post-data vc_gitem-post-data-source-post_title\" ><h3 style=\"text-align: center;font-family:Montserrat;font-weight:400;font-style:normal\" >SC-43015<\/h3><\/div><div class=\"vc_btn3-container  botonproducto vc_btn3-center\"><a class=\"vc_general vc_btn3 vc_btn3-size-md vc_btn3-shape-square vc_btn3-style-flat vc_btn3-color-blue\" a href=\"http:\/\/omafa.com.mx\/en\/2023\/06\/20\/sc-43015\/\" title=\"See more\">See more<\/a><\/div><\/div><\/div><\/div><\/div><\/div><div class=\"vc_clearfix\"><\/div><\/div><div class=\"vc_grid-item vc_clearfix vc_col-sm-4 vc_grid-item-zone-c-bottom vc_grid-term-3\"><div class=\"vc_grid-item-mini vc_clearfix\"><div class=\"vc_gitem-animated-block  vc_gitem-animate vc_gitem-animate-scaleRotateIn\"  data-vc-animation=\"scaleRotateIn\"><div class=\"vc_gitem-zone vc_gitem-zone-a vc-gitem-zone-height-mode-auto vc-gitem-zone-height-mode-auto-1-1 vc_gitem-is-link\" style=\"background-image: url('https:\/\/omafa.com.mx\/wp-content\/uploads\/2023\/06\/4.jpg') !important;\"><a href=\"http:\/\/omafa.com.mx\/en\/2023\/06\/20\/malaga-suede\/\" title=\"Malaga Suede\" class=\"vc_gitem-link vc-zone-link\" ><\/a><img decoding=\"async\" src=\"https:\/\/omafa.com.mx\/wp-content\/uploads\/2023\/06\/4.jpg\" class=\"vc_gitem-zone-img\" alt=\"Malaga Suede\"><div class=\"vc_gitem-zone-mini\"><\/div><\/div><div class=\"vc_gitem-zone vc_gitem-zone-b vc_custom_1419240793832 vc-gitem-zone-height-mode-auto vc_gitem-is-link\"><a href=\"http:\/\/omafa.com.mx\/en\/2023\/06\/20\/malaga-suede\/\" title=\"Malaga Suede\" class=\"vc_gitem-link vc-zone-link\" ><\/a><div class=\"vc_gitem-zone-mini\"><\/div><\/div><\/div><div class=\"vc_gitem-zone vc_gitem-zone-c vc_custom_1419240595465\"><div class=\"vc_gitem-zone-mini\"><div class=\"vc_gitem_row vc_row vc_gitem-row-position-top\"><div class=\"vc_col-sm-12 vc_gitem-col vc_gitem-col-align-\"><div class=\"vc_custom_heading vc_gitem-post-data vc_gitem-post-data-source-post_title\" ><h3 style=\"text-align: center;font-family:Montserrat;font-weight:400;font-style:normal\" >Malaga Suede<\/h3><\/div><div class=\"vc_btn3-container  botonproducto vc_btn3-center\"><a class=\"vc_general vc_btn3 vc_btn3-size-md vc_btn3-shape-square vc_btn3-style-flat vc_btn3-color-blue\" a href=\"http:\/\/omafa.com.mx\/en\/2023\/06\/20\/malaga-suede\/\" title=\"See more\">See more<\/a><\/div><\/div><\/div><\/div><\/div><\/div><div class=\"vc_clearfix\"><\/div><\/div><div class=\"vc_grid-item vc_clearfix vc_col-sm-4 vc_grid-item-zone-c-bottom vc_grid-term-3\"><div class=\"vc_grid-item-mini vc_clearfix\"><div class=\"vc_gitem-animated-block  vc_gitem-animate vc_gitem-animate-scaleRotateIn\"  data-vc-animation=\"scaleRotateIn\"><div class=\"vc_gitem-zone vc_gitem-zone-a vc-gitem-zone-height-mode-auto vc-gitem-zone-height-mode-auto-1-1 vc_gitem-is-link\" style=\"background-image: url('https:\/\/omafa.com.mx\/wp-content\/uploads\/2023\/06\/Easy-Crust-copia.jpg') !important;\"><a href=\"http:\/\/omafa.com.mx\/en\/2023\/06\/20\/easy-crust\/\" title=\"Easy Crust\" class=\"vc_gitem-link vc-zone-link\" ><\/a><img decoding=\"async\" src=\"https:\/\/omafa.com.mx\/wp-content\/uploads\/2023\/06\/Easy-Crust-copia.jpg\" class=\"vc_gitem-zone-img\" alt=\"Easy Crust\"><div class=\"vc_gitem-zone-mini\"><\/div><\/div><div class=\"vc_gitem-zone vc_gitem-zone-b vc_custom_1419240793832 vc-gitem-zone-height-mode-auto vc_gitem-is-link\"><a href=\"http:\/\/omafa.com.mx\/en\/2023\/06\/20\/easy-crust\/\" title=\"Easy Crust\" class=\"vc_gitem-link vc-zone-link\" ><\/a><div class=\"vc_gitem-zone-mini\"><\/div><\/div><\/div><div class=\"vc_gitem-zone vc_gitem-zone-c vc_custom_1419240595465\"><div class=\"vc_gitem-zone-mini\"><div class=\"vc_gitem_row vc_row vc_gitem-row-position-top\"><div class=\"vc_col-sm-12 vc_gitem-col vc_gitem-col-align-\"><div class=\"vc_custom_heading vc_gitem-post-data vc_gitem-post-data-source-post_title\" ><h3 style=\"text-align: center;font-family:Montserrat;font-weight:400;font-style:normal\" >Easy Crust<\/h3><\/div><div class=\"vc_btn3-container  botonproducto vc_btn3-center\"><a class=\"vc_general vc_btn3 vc_btn3-size-md vc_btn3-shape-square vc_btn3-style-flat vc_btn3-color-blue\" a href=\"http:\/\/omafa.com.mx\/en\/2023\/06\/20\/easy-crust\/\" title=\"See more\">See more<\/a><\/div><\/div><\/div><\/div><\/div><\/div><div class=\"vc_clearfix\"><\/div><\/div><div class=\"vc_grid-item vc_clearfix vc_col-sm-4 vc_grid-item-zone-c-bottom vc_grid-term-3\"><div class=\"vc_grid-item-mini vc_clearfix\"><div class=\"vc_gitem-animated-block  vc_gitem-animate vc_gitem-animate-scaleRotateIn\"  data-vc-animation=\"scaleRotateIn\"><div class=\"vc_gitem-zone vc_gitem-zone-a vc-gitem-zone-height-mode-auto vc-gitem-zone-height-mode-auto-1-1 vc_gitem-is-link\" style=\"background-image: url('https:\/\/omafa.com.mx\/wp-content\/uploads\/2023\/06\/FIRENZE.jpg') !important;\"><a href=\"http:\/\/omafa.com.mx\/en\/2023\/06\/20\/crema-firenze\/\" title=\"Crema Firenze\" class=\"vc_gitem-link vc-zone-link\" ><\/a><img decoding=\"async\" src=\"https:\/\/omafa.com.mx\/wp-content\/uploads\/2023\/06\/FIRENZE.jpg\" class=\"vc_gitem-zone-img\" alt=\"Crema Firenze\"><div class=\"vc_gitem-zone-mini\"><\/div><\/div><div class=\"vc_gitem-zone vc_gitem-zone-b vc_custom_1419240793832 vc-gitem-zone-height-mode-auto vc_gitem-is-link\"><a href=\"http:\/\/omafa.com.mx\/en\/2023\/06\/20\/crema-firenze\/\" title=\"Crema Firenze\" class=\"vc_gitem-link vc-zone-link\" ><\/a><div class=\"vc_gitem-zone-mini\"><\/div><\/div><\/div><div class=\"vc_gitem-zone vc_gitem-zone-c vc_custom_1419240595465\"><div class=\"vc_gitem-zone-mini\"><div class=\"vc_gitem_row vc_row vc_gitem-row-position-top\"><div class=\"vc_col-sm-12 vc_gitem-col vc_gitem-col-align-\"><div class=\"vc_custom_heading vc_gitem-post-data vc_gitem-post-data-source-post_title\" ><h3 style=\"text-align: center;font-family:Montserrat;font-weight:400;font-style:normal\" >Crema Firenze<\/h3><\/div><div class=\"vc_btn3-container  botonproducto vc_btn3-center\"><a class=\"vc_general vc_btn3 vc_btn3-size-md vc_btn3-shape-square vc_btn3-style-flat vc_btn3-color-blue\" a href=\"http:\/\/omafa.com.mx\/en\/2023\/06\/20\/crema-firenze\/\" title=\"See more\">See more<\/a><\/div><\/div><\/div><\/div><\/div><\/div><div class=\"vc_clearfix\"><\/div><\/div><div class=\"vc_grid-item vc_clearfix vc_col-sm-4 vc_grid-item-zone-c-bottom vc_grid-term-3\"><div class=\"vc_grid-item-mini vc_clearfix\"><div class=\"vc_gitem-animated-block  vc_gitem-animate vc_gitem-animate-scaleRotateIn\"  data-vc-animation=\"scaleRotateIn\"><div class=\"vc_gitem-zone vc_gitem-zone-a vc-gitem-zone-height-mode-auto vc-gitem-zone-height-mode-auto-1-1 vc_gitem-is-link\" style=\"background-image: url('https:\/\/omafa.com.mx\/wp-content\/uploads\/2023\/06\/ALBI.jpg') !important;\"><a href=\"http:\/\/omafa.com.mx\/en\/2023\/06\/15\/albi-paint\/\" title=\"Albi Paint\" class=\"vc_gitem-link vc-zone-link\" ><\/a><img decoding=\"async\" src=\"https:\/\/omafa.com.mx\/wp-content\/uploads\/2023\/06\/ALBI.jpg\" class=\"vc_gitem-zone-img\" alt=\"Albi Paint\"><div class=\"vc_gitem-zone-mini\"><\/div><\/div><div class=\"vc_gitem-zone vc_gitem-zone-b vc_custom_1419240793832 vc-gitem-zone-height-mode-auto vc_gitem-is-link\"><a href=\"http:\/\/omafa.com.mx\/en\/2023\/06\/15\/albi-paint\/\" title=\"Albi Paint\" class=\"vc_gitem-link vc-zone-link\" ><\/a><div class=\"vc_gitem-zone-mini\"><\/div><\/div><\/div><div class=\"vc_gitem-zone vc_gitem-zone-c vc_custom_1419240595465\"><div class=\"vc_gitem-zone-mini\"><div class=\"vc_gitem_row vc_row vc_gitem-row-position-top\"><div class=\"vc_col-sm-12 vc_gitem-col vc_gitem-col-align-\"><div class=\"vc_custom_heading vc_gitem-post-data vc_gitem-post-data-source-post_title\" ><h3 style=\"text-align: center;font-family:Montserrat;font-weight:400;font-style:normal\" >Albi Paint<\/h3><\/div><div class=\"vc_btn3-container  botonproducto vc_btn3-center\"><a class=\"vc_general vc_btn3 vc_btn3-size-md vc_btn3-shape-square vc_btn3-style-flat vc_btn3-color-blue\" a href=\"http:\/\/omafa.com.mx\/en\/2023\/06\/15\/albi-paint\/\" title=\"See more\">See more<\/a><\/div><\/div><\/div><\/div><\/div><\/div><div class=\"vc_clearfix\"><\/div><\/div><\/div><div class=\"vc_pageable-load-more-btn\" data-vc-grid-load-more-btn=\"true\"><div class=\"vc_btn3-container  vc_grid-btn-load_more vc_btn3-inline\"><a href=\"javascript:;\" class=\"vc_general vc_btn3 vc_btn3-size-md vc_btn3-shape-rounded vc_btn3-style-flat vc_btn3-color-blue\"  title=\"Load more\">Load more<\/a><\/div><\/div><\/div>\n\t<\/div>\n<\/div><\/div><\/div><\/div><\/div>\n<\/section>","protected":false},"excerpt":{"rendered":"Cada uno de nuestros productos est\u00e1n desarrollados pensando en la necesidad de nuestros clientes, buscando cubrir las tendencias del mercado, con un alto estandar de calidad y con pruebas desarrolladas por nuestros expertos. TodosPRODUCTOSTodos&nbsp;&nbsp;&nbsp;&nbsp;&nbsp;&nbsp;&nbsp;&nbsp;&nbsp;&nbsp;PRODUCTOS&nbsp;&nbsp;&nbsp;&nbsp;&nbsp;&nbsp;&nbsp;&nbsp;&nbsp;&nbsp; WT -1340Ver m\u00e1sWR-5531Ver m\u00e1sSL 900Ver m\u00e1sSC-43015Ver m\u00e1sMalaga SuedeVer m\u00e1sEasy CrustVer m\u00e1sCrema FirenzeVer m\u00e1sAlbi PaintVer m\u00e1sLoad more","protected":false},"author":1,"featured_media":0,"parent":0,"menu_order":0,"comment_status":"closed","ping_status":"closed","template":"page.php","meta":{"footnotes":""},"class_list":["post-14","page","type-page","status-publish","hentry"],"_links":{"self":[{"href":"http:\/\/omafa.com.mx\/en\/wp-json\/wp\/v2\/pages\/14","targetHints":{"allow":["GET"]}}],"collection":[{"href":"http:\/\/omafa.com.mx\/en\/wp-json\/wp\/v2\/pages"}],"about":[{"href":"http:\/\/omafa.com.mx\/en\/wp-json\/wp\/v2\/types\/page"}],"author":[{"embeddable":true,"href":"http:\/\/omafa.com.mx\/en\/wp-json\/wp\/v2\/users\/1"}],"replies":[{"embeddable":true,"href":"http:\/\/omafa.com.mx\/en\/wp-json\/wp\/v2\/comments?post=14"}],"version-history":[{"count":17,"href":"http:\/\/omafa.com.mx\/en\/wp-json\/wp\/v2\/pages\/14\/revisions"}],"predecessor-version":[{"id":312,"href":"http:\/\/omafa.com.mx\/en\/wp-json\/wp\/v2\/pages\/14\/revisions\/312"}],"wp:attachment":[{"href":"http:\/\/omafa.com.mx\/en\/wp-json\/wp\/v2\/media?parent=14"}],"curies":[{"name":"wp","href":"https:\/\/api.w.org\/{rel}","templated":true}]}}